{"id":9,"date":"2019-02-06T23:03:13","date_gmt":"2019-02-06T22:03:13","guid":{"rendered":"http:\/\/pozalogika.pl\/?page_id=9"},"modified":"2026-03-20T19:53:34","modified_gmt":"2026-03-20T19:53:34","slug":"poza-logika","status":"publish","type":"page","link":"https:\/\/pozalogika.pl\/index.php\/poza-logika\/","title":{"rendered":"O mnie &#8211; o portalu"},"content":{"rendered":"\n<figure class=\"wp-block-image size-large\"><img loading=\"lazy\" decoding=\"async\" width=\"1024\" height=\"654\" src=\"http:\/\/pozalogika.pl\/wp-content\/uploads\/2025\/10\/vidar-nordli-mathisen-8-ihuOjr41k-unsplash1-1024x654.jpg\" alt=\"Samotny ma\u0142y domek po\u015br\u00f3d g\u00f3r, styl \u017cycia, kt\u00f3ry wydaje si\u0119 by\u0107 poza logik\u0105\" class=\"wp-image-2186\" srcset=\"https:\/\/pozalogika.pl\/wp-content\/uploads\/2025\/10\/vidar-nordli-mathisen-8-ihuOjr41k-unsplash1-1024x654.jpg 1024w, https:\/\/pozalogika.pl\/wp-content\/uploads\/2025\/10\/vidar-nordli-mathisen-8-ihuOjr41k-unsplash1-300x191.jpg 300w, https:\/\/pozalogika.pl\/wp-content\/uploads\/2025\/10\/vidar-nordli-mathisen-8-ihuOjr41k-unsplash1-768x490.jpg 768w, https:\/\/pozalogika.pl\/wp-content\/uploads\/2025\/10\/vidar-nordli-mathisen-8-ihuOjr41k-unsplash1-1536x980.jpg 1536w, https:\/\/pozalogika.pl\/wp-content\/uploads\/2025\/10\/vidar-nordli-mathisen-8-ihuOjr41k-unsplash1-2048x1307.jpg 2048w\" sizes=\"auto, (max-width: 1024px) 100vw, 1024px\" \/><\/figure>\n\n\n\n<p class=\"has-medium-font-size\"><span style=\"color: #000000; font-size: 18px; font-family: Fira Sans Condensed;\"><em>Rodzimy si\u0119, by \u017cy\u0107. \u017byjemy, by umiera\u0107<\/em>&nbsp;\u2013 \u015bpiewa Grubson. Nieszczeg\u00f3lnie go s\u0142ucham, ale ten slogan zwr\u00f3ci\u0142 moj\u0105 uwag\u0119. Niezbyt optymistyczna wizja dla \u015bwiata, ale nie dla chrze\u015bcijanina. W mi\u0119dzyczasie jednak czeka nas wielki<em>&nbsp;challenge \u2013 <\/em>najwi\u0119kszy z mo\u017cliwych! D\u0105\u017cymy do Celu, do tego wielkiego Celu. Zanim jednak Tam dojdziemy, czeka nas droga. I mo\u017cemy albo samotnie i\u015b\u0107, albo wzajemnie si\u0119 wspiera\u0107, co\u015b od siebie dawa\u0107, pomaga\u0107. I ja w to wierz\u0119. Chc\u0119 czasem te\u017c o tym napisa\u0107. Bez sensacji, za to skupiaj\u0105c si\u0119 na tym, co najwa\u017cniejsze: na poszukiwaniu relacji z Bogiem, drugim cz\u0142owiekiem oraz z samym sob\u0105. W dodatku za po\u015brednictwem pisanego portalu, kt\u00f3ry porz\u0105dkuje my\u015bli, gdy wok\u00f3\u0142 dominuj\u0105 raczej ruchome obrazki, tiktoki, rolki i vlogi? To wszystko wydaje si\u0119 by\u0107 ,,poza logik\u0105\u201d. I poniek\u0105d tak w\u0142a\u015bnie jest. Ale czy to \u017ale? Wierz\u0119, \u017ce nie.<\/span><\/p>\n\n\n\n<h2 class=\"wp-block-heading has-medium-font-size\"><span style=\"color: #000000; font-size: 18px; font-family: Fira Sans Condensed;\"><strong>Poza Logik\u0105<\/strong> to miejsce, w kt\u00f3rym:<\/span><\/h2>\n\n\n\n<ul class=\"wp-block-list\">\n<li class=\"has-medium-font-size\"><span style=\"color: #000000; font-size: 18px; font-family: Fira Sans Condensed;\">gdy my\u015bl\u0119 o cz\u0142owieku, mam na my\u015bli <strong>cia\u0142o, psychik\u0119, ducha<\/strong><\/span><\/li>\n\n\n\n<li class=\"has-medium-font-size\"><span style=\"color: #000000; font-size: 18px; font-family: Fira Sans Condensed;\">gdy patrz\u0119 na cz\u0142owieka, widz\u0119 go w <strong>spos\u00f3b holistyczny<\/strong><\/span><\/li>\n\n\n\n<li class=\"has-medium-font-size\"><span style=\"color: #000000; font-size: 18px; font-family: Fira Sans Condensed;\">gdy m\u00f3wi\u0119 o \u017cyciu, przypominam sobie o <strong>antycznej triadzie: stadionie<\/strong> (rozw\u00f3j fizyczny, sport, dbanie o cia\u0142o), <strong>teatrze<\/strong> (kultura i sztuka, dbanie o wn\u0119trze) oraz o <strong>\u015bwi\u0105tyni<\/strong> (rozw\u00f3j duchowy, dbanie o dusz\u0119, relacja z Bogiem)<\/span><\/li>\n\n\n\n<li class=\"has-medium-font-size\"><span style=\"color: #000000; font-size: 18px; font-family: Fira Sans Condensed;\">gdy podchodz\u0119 do <strong>relacji<\/strong>, za wa\u017cne uwa\u017cam nawi\u0105zanie ich <strong>z samym sob\u0105<\/strong>, z <strong>drugim cz\u0142owiekiem<\/strong> oraz <strong>z Bogiem.<\/strong><\/span><\/li>\n<\/ul>\n\n\n\n<p class=\"has-medium-font-size\"><span style=\"color: #000000; font-size: 18px; font-family: Fira Sans Condensed;\">Tak wi\u0119c, jak wida\u0107, <strong>Poza Logik\u0105<\/strong> to miejsce, w kt\u00f3rym kr\u00f3luj\u0105 ,,triady\u201d.<\/span><\/p>\n\n\n\n<p class=\"has-medium-font-size\"><span style=\"font-family: Fira Sans Condensed; font-size: 18px;\"><span style=\"color: #000000;\">Te wszystkie warto\u015bci s\u0105 fundamentem tej strony, czasem jest o nich mowa wprost, czasem s\u0105 tu obecne w warstwie idei. Nie ma tu ,,triady\u201d wa\u017cniejszej, nie ma tu elementu mniej lub bardziej istotnego. Dobre \u017cycie, nawet je\u015bli b\u0119d\u0105ce ,,poza logik\u0105\u201d \u015bwiata, sk\u0142ada si\u0119 z tych wszystkich element\u00f3w. Zawarte tu tre\u015bci chc\u0105 do takiego \u015bwiata, do takiej ,,filozofii\u201d, zaprosi\u0107 i Ciebie. Znajdziesz tu motywacj\u0119 i samorozw\u00f3j, troch\u0119 publicystyki, czasem pojawia si\u0119 popkultura, czasem zach\u0119ta do aktywno\u015bci fizycznej. C<\/span><\/span><span style=\"font-family: Arial, sans-serif;\"><span style=\"font-size: small;\"><span style=\"color: #000000;\"><span style=\"font-family: Fira Sans Condensed;\"><span style=\"font-size: large;\">hc\u0119 zabra\u0107 te\u017c g\u0142os w sprawach wiary, podzieli\u0107 si\u0119 swoim komentarzem odno\u015bnie chrze\u015bcija\u0144stwa, z kt\u00f3rym rozpoczynam i ko\u0144cz\u0119 ka\u017cdy dzie\u0144. Wiara jest pi\u0119kna! Jest drogowskazem, kt\u00f3ry pokazuje drog\u0119 w \u015brodku nocy, w ciemnym lesie.<\/span><\/span><\/span><\/span><\/span><\/p>\n\n\n\n<p class=\"has-medium-font-size\"><span style=\"color: #000000;\"><span style=\"font-family: Fira Sans Condensed;\"><span style=\"font-size: large;\">A poza tym fascynuje mnie C.S. Lewis i Tolkien, Franciszek z Asy\u017cu i Thomas Merton. Wielkie&nbsp;<\/span><\/span><\/span><em><span style=\"color: #000000;\"><span style=\"font-family: Fira Sans Condensed;\"><span style=\"font-size: large;\">wow<\/span><\/span><\/span><\/em><span style=\"color: #000000;\"><span style=\"font-family: Fira Sans Condensed;\"><span style=\"font-size: large;\">&nbsp;dla nich.<\/span><\/span><\/span> <\/p>\n\n\n\n<p class=\"has-black-color has-text-color has-link-color has-medium-font-size wp-elements-fde5671727a1377d9839cd6440503c8a\"><strong>PS.<\/strong> A je\u015bli nie wiesz od czego zacz\u0105\u0107, wszystkie powy\u017csze idee zawarte s\u0105 <a href=\"http:\/\/pozalogika.pl\/index.php\/2025\/10\/03\/wellbeing-i-redukcja-stresu-jak-z-wiara-budowac-komfort-psychiczny-w-dynamicznym-swiecie-praktyczne-techniki\/\" target=\"_blank\" rel=\"noreferrer noopener\"><strong>w tym wpisie<\/strong><\/a><\/p>\n\n\n\n<p><\/p>\n\n\n\n<p class=\"has-medium-font-size\">Chcesz si\u0119 skontaktowa\u0107? \u015amia\u0142o! Oto adres: <strong>kontakt(ma\u0142pa)pozalogika.pl<\/strong><\/p>\n\n\n\n<p class=\"has-small-font-size\">Photo by <a href=\"https:\/\/unsplash.com\/@vidarnm?utm_source=unsplash&amp;utm_medium=referral&amp;utm_content=creditCopyText\">Vidar Nordli-Mathisen<\/a> on <a href=\"https:\/\/unsplash.com\/photos\/white-concrete-house-near-mountain-under-gray-sky-8-ihuOjr41k?utm_source=unsplash&amp;utm_medium=referral&amp;utm_content=creditCopyText\">Unsplash<\/a><\/p>\n\n\n\n<ul class=\"wp-block-social-links aligncenter is-style-pill-shape is-horizontal is-content-justification-center is-layout-flex wp-container-core-social-links-is-layout-499968f5 wp-block-social-links-is-layout-flex\"><li class=\"wp-social-link wp-social-link-facebook  wp-block-social-link\"><a rel=\"noopener nofollow\" target=\"_blank\" href=\"https:\/\/www.facebook.com\/pozalogika\" class=\"wp-block-social-link-anchor\"><svg width=\"24\" height=\"24\" viewBox=\"0 0 24 24\" version=\"1.1\" xmlns=\"http:\/\/www.w3.org\/2000\/svg\" aria-hidden=\"true\" focusable=\"false\"><path d=\"M12 2C6.5 2 2 6.5 2 12c0 5 3.7 9.1 8.4 9.9v-7H7.9V12h2.5V9.8c0-2.5 1.5-3.9 3.8-3.9 1.1 0 2.2.2 2.2.2v2.5h-1.3c-1.2 0-1.6.8-1.6 1.6V12h2.8l-.4 2.9h-2.3v7C18.3 21.1 22 17 22 12c0-5.5-4.5-10-10-10z\"><\/path><\/svg><span class=\"wp-block-social-link-label screen-reader-text\">Facebook<\/span><\/a><\/li><\/ul>\n\n\n\n<p class=\"has-medium-font-size\"><\/p>\n","protected":false},"excerpt":{"rendered":"<p>Rodzimy si\u0119, by \u017cy\u0107. \u017byjemy, by umiera\u0107&nbsp;\u2013 \u015bpiewa Grubson. Nieszczeg\u00f3lnie go s\u0142ucham, ale ten slogan zwr\u00f3ci\u0142 moj\u0105 uwag\u0119. Niezbyt optymistyczna wizja dla \u015bwiata, ale nie&hellip; <\/p>\n","protected":false},"author":3,"featured_media":2186,"parent":0,"menu_order":0,"comment_status":"closed","ping_status":"closed","template":"","meta":{"footnotes":""},"class_list":["post-9","page","type-page","status-publish","has-post-thumbnail","hentry"],"yoast_head":"<!-- This site is optimized with the Yoast SEO plugin v27.2 - https:\/\/yoast.com\/product\/yoast-seo-wordpress\/ -->\n<title>O mnie - o portalu - Poza Logik\u0105 - wiara i samorozw\u00f3j z dusz\u0105 i cia\u0142em<\/title>\n<meta name=\"description\" content=\"Udane \u017cycie sk\u0142ada si\u0119 z kilku wa\u017cnych triad b\u0119d\u0105cych Poza Logik\u0105? Z jakich? Wejd\u017a na portal i przekonaj si\u0119!\" \/>\n<meta name=\"robots\" content=\"index, follow, max-snippet:-1, max-image-preview:large, max-video-preview:-1\" \/>\n<link rel=\"canonical\" href=\"https:\/\/pozalogika.pl\/index.php\/poza-logika\/\" \/>\n<meta property=\"og:locale\" content=\"pl_PL\" \/>\n<meta property=\"og:type\" content=\"article\" \/>\n<meta property=\"og:title\" content=\"O mnie - o portalu - Poza Logik\u0105 - wiara i samorozw\u00f3j z dusz\u0105 i cia\u0142em\" \/>\n<meta property=\"og:description\" content=\"Udane \u017cycie sk\u0142ada si\u0119 z kilku wa\u017cnych triad b\u0119d\u0105cych Poza Logik\u0105? Z jakich? Wejd\u017a na portal i przekonaj si\u0119!\" \/>\n<meta property=\"og:url\" content=\"https:\/\/pozalogika.pl\/index.php\/poza-logika\/\" \/>\n<meta property=\"og:site_name\" content=\"Poza Logik\u0105 - wiara i samorozw\u00f3j z dusz\u0105 i cia\u0142em\" \/>\n<meta property=\"article:publisher\" content=\"https:\/\/www.facebook.com\/pozalogika\" \/>\n<meta property=\"article:modified_time\" content=\"2026-03-20T19:53:34+00:00\" \/>\n<meta property=\"og:image\" content=\"http:\/\/pozalogika.pl\/wp-content\/uploads\/2025\/10\/vidar-nordli-mathisen-8-ihuOjr41k-unsplash1-scaled.jpg\" \/>\n\t<meta property=\"og:image:width\" content=\"2560\" \/>\n\t<meta property=\"og:image:height\" content=\"1634\" \/>\n\t<meta property=\"og:image:type\" content=\"image\/jpeg\" \/>\n<meta name=\"twitter:card\" content=\"summary_large_image\" \/>\n<meta name=\"twitter:label1\" content=\"Szacowany czas czytania\" \/>\n\t<meta name=\"twitter:data1\" content=\"3 minuty\" \/>\n<script type=\"application\/ld+json\" class=\"yoast-schema-graph\">{\"@context\":\"https:\/\/schema.org\",\"@graph\":[{\"@type\":\"WebPage\",\"@id\":\"https:\/\/pozalogika.pl\/index.php\/poza-logika\/\",\"url\":\"https:\/\/pozalogika.pl\/index.php\/poza-logika\/\",\"name\":\"O mnie - o portalu - Poza Logik\u0105 - wiara i samorozw\u00f3j z dusz\u0105 i cia\u0142em\",\"isPartOf\":{\"@id\":\"https:\/\/pozalogika.pl\/#website\"},\"primaryImageOfPage\":{\"@id\":\"https:\/\/pozalogika.pl\/index.php\/poza-logika\/#primaryimage\"},\"image\":{\"@id\":\"https:\/\/pozalogika.pl\/index.php\/poza-logika\/#primaryimage\"},\"thumbnailUrl\":\"https:\/\/pozalogika.pl\/wp-content\/uploads\/2025\/10\/vidar-nordli-mathisen-8-ihuOjr41k-unsplash1-scaled.jpg\",\"datePublished\":\"2019-02-06T22:03:13+00:00\",\"dateModified\":\"2026-03-20T19:53:34+00:00\",\"description\":\"Udane \u017cycie sk\u0142ada si\u0119 z kilku wa\u017cnych triad b\u0119d\u0105cych Poza Logik\u0105? Z jakich? Wejd\u017a na portal i przekonaj si\u0119!\",\"breadcrumb\":{\"@id\":\"https:\/\/pozalogika.pl\/index.php\/poza-logika\/#breadcrumb\"},\"inLanguage\":\"pl-PL\",\"potentialAction\":[{\"@type\":\"ReadAction\",\"target\":[\"https:\/\/pozalogika.pl\/index.php\/poza-logika\/\"]}]},{\"@type\":\"ImageObject\",\"inLanguage\":\"pl-PL\",\"@id\":\"https:\/\/pozalogika.pl\/index.php\/poza-logika\/#primaryimage\",\"url\":\"https:\/\/pozalogika.pl\/wp-content\/uploads\/2025\/10\/vidar-nordli-mathisen-8-ihuOjr41k-unsplash1-scaled.jpg\",\"contentUrl\":\"https:\/\/pozalogika.pl\/wp-content\/uploads\/2025\/10\/vidar-nordli-mathisen-8-ihuOjr41k-unsplash1-scaled.jpg\",\"width\":2560,\"height\":1634,\"caption\":\"Samotny ma\u0142y domek po\u015br\u00f3d g\u00f3r, styl \u017cycia, kt\u00f3ry wydaje si\u0119 by\u0107 poza logik\u0105\"},{\"@type\":\"BreadcrumbList\",\"@id\":\"https:\/\/pozalogika.pl\/index.php\/poza-logika\/#breadcrumb\",\"itemListElement\":[{\"@type\":\"ListItem\",\"position\":1,\"name\":\"Strona g\u0142\u00f3wna\",\"item\":\"https:\/\/pozalogika.pl\/\"},{\"@type\":\"ListItem\",\"position\":2,\"name\":\"O mnie &#8211; o portalu\"}]},{\"@type\":\"WebSite\",\"@id\":\"https:\/\/pozalogika.pl\/#website\",\"url\":\"https:\/\/pozalogika.pl\/\",\"name\":\"Poza Logik\u0105\",\"description\":\"\",\"publisher\":{\"@id\":\"https:\/\/pozalogika.pl\/#organization\"},\"potentialAction\":[{\"@type\":\"SearchAction\",\"target\":{\"@type\":\"EntryPoint\",\"urlTemplate\":\"https:\/\/pozalogika.pl\/?s={search_term_string}\"},\"query-input\":{\"@type\":\"PropertyValueSpecification\",\"valueRequired\":true,\"valueName\":\"search_term_string\"}}],\"inLanguage\":\"pl-PL\"},{\"@type\":\"Organization\",\"@id\":\"https:\/\/pozalogika.pl\/#organization\",\"name\":\"Poza Logik\u0105. Chrze\u015bcija\u0144ski coaching i wiara\",\"url\":\"https:\/\/pozalogika.pl\/\",\"logo\":{\"@type\":\"ImageObject\",\"inLanguage\":\"pl-PL\",\"@id\":\"https:\/\/pozalogika.pl\/#\/schema\/logo\/image\/\",\"url\":\"http:\/\/pozalogika.pl\/wp-content\/uploads\/2025\/03\/img_1_1742766565195.jpg\",\"contentUrl\":\"http:\/\/pozalogika.pl\/wp-content\/uploads\/2025\/03\/img_1_1742766565195.jpg\",\"width\":1070,\"height\":1070,\"caption\":\"Poza Logik\u0105. Chrze\u015bcija\u0144ski coaching i wiara\"},\"image\":{\"@id\":\"https:\/\/pozalogika.pl\/#\/schema\/logo\/image\/\"},\"sameAs\":[\"https:\/\/www.facebook.com\/pozalogika\"]}]}<\/script>\n<!-- \/ Yoast SEO plugin. -->","yoast_head_json":{"title":"O mnie - o portalu - Poza Logik\u0105 - wiara i samorozw\u00f3j z dusz\u0105 i cia\u0142em","description":"Udane \u017cycie sk\u0142ada si\u0119 z kilku wa\u017cnych triad b\u0119d\u0105cych Poza Logik\u0105? Z jakich? Wejd\u017a na portal i przekonaj si\u0119!","robots":{"index":"index","follow":"follow","max-snippet":"max-snippet:-1","max-image-preview":"max-image-preview:large","max-video-preview":"max-video-preview:-1"},"canonical":"https:\/\/pozalogika.pl\/index.php\/poza-logika\/","og_locale":"pl_PL","og_type":"article","og_title":"O mnie - o portalu - Poza Logik\u0105 - wiara i samorozw\u00f3j z dusz\u0105 i cia\u0142em","og_description":"Udane \u017cycie sk\u0142ada si\u0119 z kilku wa\u017cnych triad b\u0119d\u0105cych Poza Logik\u0105? Z jakich? Wejd\u017a na portal i przekonaj si\u0119!","og_url":"https:\/\/pozalogika.pl\/index.php\/poza-logika\/","og_site_name":"Poza Logik\u0105 - wiara i samorozw\u00f3j z dusz\u0105 i cia\u0142em","article_publisher":"https:\/\/www.facebook.com\/pozalogika","article_modified_time":"2026-03-20T19:53:34+00:00","og_image":[{"width":2560,"height":1634,"url":"http:\/\/pozalogika.pl\/wp-content\/uploads\/2025\/10\/vidar-nordli-mathisen-8-ihuOjr41k-unsplash1-scaled.jpg","type":"image\/jpeg"}],"twitter_card":"summary_large_image","twitter_misc":{"Szacowany czas czytania":"3 minuty"},"schema":{"@context":"https:\/\/schema.org","@graph":[{"@type":"WebPage","@id":"https:\/\/pozalogika.pl\/index.php\/poza-logika\/","url":"https:\/\/pozalogika.pl\/index.php\/poza-logika\/","name":"O mnie - o portalu - Poza Logik\u0105 - wiara i samorozw\u00f3j z dusz\u0105 i cia\u0142em","isPartOf":{"@id":"https:\/\/pozalogika.pl\/#website"},"primaryImageOfPage":{"@id":"https:\/\/pozalogika.pl\/index.php\/poza-logika\/#primaryimage"},"image":{"@id":"https:\/\/pozalogika.pl\/index.php\/poza-logika\/#primaryimage"},"thumbnailUrl":"https:\/\/pozalogika.pl\/wp-content\/uploads\/2025\/10\/vidar-nordli-mathisen-8-ihuOjr41k-unsplash1-scaled.jpg","datePublished":"2019-02-06T22:03:13+00:00","dateModified":"2026-03-20T19:53:34+00:00","description":"Udane \u017cycie sk\u0142ada si\u0119 z kilku wa\u017cnych triad b\u0119d\u0105cych Poza Logik\u0105? Z jakich? Wejd\u017a na portal i przekonaj si\u0119!","breadcrumb":{"@id":"https:\/\/pozalogika.pl\/index.php\/poza-logika\/#breadcrumb"},"inLanguage":"pl-PL","potentialAction":[{"@type":"ReadAction","target":["https:\/\/pozalogika.pl\/index.php\/poza-logika\/"]}]},{"@type":"ImageObject","inLanguage":"pl-PL","@id":"https:\/\/pozalogika.pl\/index.php\/poza-logika\/#primaryimage","url":"https:\/\/pozalogika.pl\/wp-content\/uploads\/2025\/10\/vidar-nordli-mathisen-8-ihuOjr41k-unsplash1-scaled.jpg","contentUrl":"https:\/\/pozalogika.pl\/wp-content\/uploads\/2025\/10\/vidar-nordli-mathisen-8-ihuOjr41k-unsplash1-scaled.jpg","width":2560,"height":1634,"caption":"Samotny ma\u0142y domek po\u015br\u00f3d g\u00f3r, styl \u017cycia, kt\u00f3ry wydaje si\u0119 by\u0107 poza logik\u0105"},{"@type":"BreadcrumbList","@id":"https:\/\/pozalogika.pl\/index.php\/poza-logika\/#breadcrumb","itemListElement":[{"@type":"ListItem","position":1,"name":"Strona g\u0142\u00f3wna","item":"https:\/\/pozalogika.pl\/"},{"@type":"ListItem","position":2,"name":"O mnie &#8211; o portalu"}]},{"@type":"WebSite","@id":"https:\/\/pozalogika.pl\/#website","url":"https:\/\/pozalogika.pl\/","name":"Poza Logik\u0105","description":"","publisher":{"@id":"https:\/\/pozalogika.pl\/#organization"},"potentialAction":[{"@type":"SearchAction","target":{"@type":"EntryPoint","urlTemplate":"https:\/\/pozalogika.pl\/?s={search_term_string}"},"query-input":{"@type":"PropertyValueSpecification","valueRequired":true,"valueName":"search_term_string"}}],"inLanguage":"pl-PL"},{"@type":"Organization","@id":"https:\/\/pozalogika.pl\/#organization","name":"Poza Logik\u0105. Chrze\u015bcija\u0144ski coaching i wiara","url":"https:\/\/pozalogika.pl\/","logo":{"@type":"ImageObject","inLanguage":"pl-PL","@id":"https:\/\/pozalogika.pl\/#\/schema\/logo\/image\/","url":"http:\/\/pozalogika.pl\/wp-content\/uploads\/2025\/03\/img_1_1742766565195.jpg","contentUrl":"http:\/\/pozalogika.pl\/wp-content\/uploads\/2025\/03\/img_1_1742766565195.jpg","width":1070,"height":1070,"caption":"Poza Logik\u0105. Chrze\u015bcija\u0144ski coaching i wiara"},"image":{"@id":"https:\/\/pozalogika.pl\/#\/schema\/logo\/image\/"},"sameAs":["https:\/\/www.facebook.com\/pozalogika"]}]}},"_links":{"self":[{"href":"https:\/\/pozalogika.pl\/index.php\/wp-json\/wp\/v2\/pages\/9","targetHints":{"allow":["GET"]}}],"collection":[{"href":"https:\/\/pozalogika.pl\/index.php\/wp-json\/wp\/v2\/pages"}],"about":[{"href":"https:\/\/pozalogika.pl\/index.php\/wp-json\/wp\/v2\/types\/page"}],"author":[{"embeddable":true,"href":"https:\/\/pozalogika.pl\/index.php\/wp-json\/wp\/v2\/users\/3"}],"replies":[{"embeddable":true,"href":"https:\/\/pozalogika.pl\/index.php\/wp-json\/wp\/v2\/comments?post=9"}],"version-history":[{"count":8,"href":"https:\/\/pozalogika.pl\/index.php\/wp-json\/wp\/v2\/pages\/9\/revisions"}],"predecessor-version":[{"id":2888,"href":"https:\/\/pozalogika.pl\/index.php\/wp-json\/wp\/v2\/pages\/9\/revisions\/2888"}],"wp:featuredmedia":[{"embeddable":true,"href":"https:\/\/pozalogika.pl\/index.php\/wp-json\/wp\/v2\/media\/2186"}],"wp:attachment":[{"href":"https:\/\/pozalogika.pl\/index.php\/wp-json\/wp\/v2\/media?parent=9"}],"curies":[{"name":"wp","href":"https:\/\/api.w.org\/{rel}","templated":true}]}}